{"id":103,"date":"2025-07-20T21:59:19","date_gmt":"2025-07-20T21:59:19","guid":{"rendered":"https:\/\/santana.palacios.soy\/?page_id=103"},"modified":"2025-07-20T21:59:51","modified_gmt":"2025-07-20T21:59:51","slug":"rumba","status":"publish","type":"page","link":"https:\/\/santana.palacios.soy\/index.php\/rumba\/","title":{"rendered":"Rumba"},"content":{"rendered":"<p>[et_pb_section fb_built=&#8220;1&#8243; _builder_version=&#8220;4.27.4&#8243; _module_preset=&#8220;default&#8220; global_colors_info=&#8220;{}&#8220;][et_pb_row _builder_version=&#8220;4.27.4&#8243; _module_preset=&#8220;default&#8220; global_colors_info=&#8220;{}&#8220;][et_pb_column type=&#8220;4_4&#8243; _builder_version=&#8220;4.27.4&#8243; _module_preset=&#8220;default&#8220; global_colors_info=&#8220;{}&#8220;][et_pb_text _builder_version=&#8220;4.27.4&#8243; _module_preset=&#8220;default&#8220; text_font_size=&#8220;18px&#8220; header_font_size=&#8220;32px&#8220; header_3_text_color=&#8220;#993300&#8243; hover_enabled=&#8220;0&#8243; global_colors_info=&#8220;{}&#8220; sticky_enabled=&#8220;0&#8243;]<\/p>\n<h1 class=\"title\"><strong>Rumba<\/strong><\/h1>\n<p>&nbsp;<\/p>\n<p>Kubanische Tradition!<\/p>\n<p>Die Rumba kommt direkt aus den \u201eSolares\u201c in Havanna. In diesen Armenviertel treffen sich die Menschen um zu feiern und zu tanzen und ihren Gef\u00fchlen Ausdruck zu verleihen. Die Musik bzw. der Rhythmus ist selbst mit einfachsten Mitteln zu erzeugen, wie z.B. Tisch, Stuhl, Koffer und ein paar Loeffel.<br \/>Wo immer ein paar Leute zusammen kommen, kann aus dem Nichts eine Party entstehen. Die Rumba hat ihre Wurzeln im Afro aber kann frei kombiniert werden mit Elementen aus Salsa, Hiphop und eigenen Moves.<br \/>Nur wer die Rumba beherrscht, beherrscht kubanischen Tanz.<\/p>\n<p>&nbsp;<\/p>\n<p>&nbsp;<\/p>\n<p>Im Moment haben wir keinen laufenden Kurs, bieten aber unregelm\u00e4\u00dfig Workshops an. Bei Interesse bitte melden, wir informieren Sie gerne und finden flexible L\u00f6sungen.<\/p>\n<p>Teil unseren Tanzkurs!<span>\u00a0<\/span><a name=\"fb_share\" type=\"button_count\" href=\"http:\/\/www.facebook.com\/sharer.php\">Share<\/a><\/p>\n<p>[\/et_pb_text][\/et_pb_column][\/et_pb_row][et_pb_row _builder_version=&#8220;4.27.4&#8243; _module_preset=&#8220;default&#8220; global_colors_info=&#8220;{}&#8220;][et_pb_column type=&#8220;4_4&#8243; _builder_version=&#8220;4.27.4&#8243; _module_preset=&#8220;default&#8220; global_colors_info=&#8220;{}&#8220;][et_pb_image src=&#8220;https:\/\/santana.palacios.soy\/wp-content\/uploads\/2025\/07\/Rumba-Muenchen-644&#215;1024-1.jpg&#8220; title_text=&#8220;Rumba-Muenchen-644&#215;1024&#8243; align=&#8220;center&#8220; _builder_version=&#8220;4.27.4&#8243; _module_preset=&#8220;default&#8220; height=&#8220;730px&#8220; hover_enabled=&#8220;0&#8243; global_colors_info=&#8220;{}&#8220; sticky_enabled=&#8220;0&#8243;][\/et_pb_image][\/et_pb_column][\/et_pb_row][\/et_pb_section]<\/p>\n","protected":false},"excerpt":{"rendered":"<p>Rumba &nbsp; Kubanische Tradition! Die Rumba kommt direkt aus den \u201eSolares\u201c in Havanna. In diesen Armenviertel treffen sich die Menschen um zu feiern und zu tanzen und ihren Gef\u00fchlen Ausdruck [&hellip;]<\/p>\n","protected":false},"author":1,"featured_media":0,"parent":0,"menu_order":0,"comment_status":"closed","ping_status":"closed","template":"","meta":{"_et_pb_use_builder":"on","_et_pb_old_content":"","_et_gb_content_width":"","footnotes":""},"class_list":["post-103","page","type-page","status-publish","hentry"],"yoast_head":"<!-- This site is optimized with the Yoast SEO plugin v27.5 - https:\/\/yoast.com\/product\/yoast-seo-wordpress\/ -->\n<title>Rumba - Santana Dance<\/title>\n<meta name=\"robots\" content=\"index, follow, max-snippet:-1, max-image-preview:large, max-video-preview:-1\" \/>\n<link rel=\"canonical\" href=\"https:\/\/santana.palacios.soy\/index.php\/rumba\/\" \/>\n<meta property=\"og:locale\" content=\"de_DE\" \/>\n<meta property=\"og:type\" content=\"article\" \/>\n<meta property=\"og:title\" content=\"Rumba - Santana Dance\" \/>\n<meta property=\"og:description\" content=\"Rumba &nbsp; Kubanische Tradition! Die Rumba kommt direkt aus den \u201eSolares\u201c in Havanna. In diesen Armenviertel treffen sich die Menschen um zu feiern und zu tanzen und ihren Gef\u00fchlen Ausdruck [&hellip;]\" \/>\n<meta property=\"og:url\" content=\"https:\/\/santana.palacios.soy\/index.php\/rumba\/\" \/>\n<meta property=\"og:site_name\" content=\"Santana Dance\" \/>\n<meta property=\"article:modified_time\" content=\"2025-07-20T21:59:51+00:00\" \/>\n<meta name=\"twitter:card\" content=\"summary_large_image\" \/>\n<script type=\"application\/ld+json\" class=\"yoast-schema-graph\">{\"@context\":\"https:\\\/\\\/schema.org\",\"@graph\":[{\"@type\":\"WebPage\",\"@id\":\"https:\\\/\\\/santana.palacios.soy\\\/index.php\\\/rumba\\\/\",\"url\":\"https:\\\/\\\/santana.palacios.soy\\\/index.php\\\/rumba\\\/\",\"name\":\"Rumba - Santana Dance\",\"isPartOf\":{\"@id\":\"https:\\\/\\\/santana.palacios.soy\\\/#website\"},\"datePublished\":\"2025-07-20T21:59:19+00:00\",\"dateModified\":\"2025-07-20T21:59:51+00:00\",\"breadcrumb\":{\"@id\":\"https:\\\/\\\/santana.palacios.soy\\\/index.php\\\/rumba\\\/#breadcrumb\"},\"inLanguage\":\"de\",\"potentialAction\":[{\"@type\":\"ReadAction\",\"target\":[\"https:\\\/\\\/santana.palacios.soy\\\/index.php\\\/rumba\\\/\"]}]},{\"@type\":\"BreadcrumbList\",\"@id\":\"https:\\\/\\\/santana.palacios.soy\\\/index.php\\\/rumba\\\/#breadcrumb\",\"itemListElement\":[{\"@type\":\"ListItem\",\"position\":1,\"name\":\"Startseite\",\"item\":\"https:\\\/\\\/santana.palacios.soy\\\/\"},{\"@type\":\"ListItem\",\"position\":2,\"name\":\"Rumba\"}]},{\"@type\":\"WebSite\",\"@id\":\"https:\\\/\\\/santana.palacios.soy\\\/#website\",\"url\":\"https:\\\/\\\/santana.palacios.soy\\\/\",\"name\":\"Santana Dance\",\"description\":\"Salsa Tanzschule M\u00fcnchen\",\"potentialAction\":[{\"@type\":\"SearchAction\",\"target\":{\"@type\":\"EntryPoint\",\"urlTemplate\":\"https:\\\/\\\/santana.palacios.soy\\\/?s={search_term_string}\"},\"query-input\":{\"@type\":\"PropertyValueSpecification\",\"valueRequired\":true,\"valueName\":\"search_term_string\"}}],\"inLanguage\":\"de\"}]}<\/script>\n<!-- \/ Yoast SEO plugin. -->","yoast_head_json":{"title":"Rumba - Santana Dance","robots":{"index":"index","follow":"follow","max-snippet":"max-snippet:-1","max-image-preview":"max-image-preview:large","max-video-preview":"max-video-preview:-1"},"canonical":"https:\/\/santana.palacios.soy\/index.php\/rumba\/","og_locale":"de_DE","og_type":"article","og_title":"Rumba - Santana Dance","og_description":"Rumba &nbsp; Kubanische Tradition! Die Rumba kommt direkt aus den \u201eSolares\u201c in Havanna. In diesen Armenviertel treffen sich die Menschen um zu feiern und zu tanzen und ihren Gef\u00fchlen Ausdruck [&hellip;]","og_url":"https:\/\/santana.palacios.soy\/index.php\/rumba\/","og_site_name":"Santana Dance","article_modified_time":"2025-07-20T21:59:51+00:00","twitter_card":"summary_large_image","schema":{"@context":"https:\/\/schema.org","@graph":[{"@type":"WebPage","@id":"https:\/\/santana.palacios.soy\/index.php\/rumba\/","url":"https:\/\/santana.palacios.soy\/index.php\/rumba\/","name":"Rumba - Santana Dance","isPartOf":{"@id":"https:\/\/santana.palacios.soy\/#website"},"datePublished":"2025-07-20T21:59:19+00:00","dateModified":"2025-07-20T21:59:51+00:00","breadcrumb":{"@id":"https:\/\/santana.palacios.soy\/index.php\/rumba\/#breadcrumb"},"inLanguage":"de","potentialAction":[{"@type":"ReadAction","target":["https:\/\/santana.palacios.soy\/index.php\/rumba\/"]}]},{"@type":"BreadcrumbList","@id":"https:\/\/santana.palacios.soy\/index.php\/rumba\/#breadcrumb","itemListElement":[{"@type":"ListItem","position":1,"name":"Startseite","item":"https:\/\/santana.palacios.soy\/"},{"@type":"ListItem","position":2,"name":"Rumba"}]},{"@type":"WebSite","@id":"https:\/\/santana.palacios.soy\/#website","url":"https:\/\/santana.palacios.soy\/","name":"Santana Dance","description":"Salsa Tanzschule M\u00fcnchen","potentialAction":[{"@type":"SearchAction","target":{"@type":"EntryPoint","urlTemplate":"https:\/\/santana.palacios.soy\/?s={search_term_string}"},"query-input":{"@type":"PropertyValueSpecification","valueRequired":true,"valueName":"search_term_string"}}],"inLanguage":"de"}]}},"_links":{"self":[{"href":"https:\/\/santana.palacios.soy\/index.php\/wp-json\/wp\/v2\/pages\/103","targetHints":{"allow":["GET"]}}],"collection":[{"href":"https:\/\/santana.palacios.soy\/index.php\/wp-json\/wp\/v2\/pages"}],"about":[{"href":"https:\/\/santana.palacios.soy\/index.php\/wp-json\/wp\/v2\/types\/page"}],"author":[{"embeddable":true,"href":"https:\/\/santana.palacios.soy\/index.php\/wp-json\/wp\/v2\/users\/1"}],"replies":[{"embeddable":true,"href":"https:\/\/santana.palacios.soy\/index.php\/wp-json\/wp\/v2\/comments?post=103"}],"version-history":[{"count":2,"href":"https:\/\/santana.palacios.soy\/index.php\/wp-json\/wp\/v2\/pages\/103\/revisions"}],"predecessor-version":[{"id":106,"href":"https:\/\/santana.palacios.soy\/index.php\/wp-json\/wp\/v2\/pages\/103\/revisions\/106"}],"wp:attachment":[{"href":"https:\/\/santana.palacios.soy\/index.php\/wp-json\/wp\/v2\/media?parent=103"}],"curies":[{"name":"wp","href":"https:\/\/api.w.org\/{rel}","templated":true}]}}