{"id":107,"date":"2025-07-20T22:04:47","date_gmt":"2025-07-20T22:04:47","guid":{"rendered":"https:\/\/santana.palacios.soy\/?page_id=107"},"modified":"2025-07-20T22:05:23","modified_gmt":"2025-07-20T22:05:23","slug":"afro-tanz","status":"publish","type":"page","link":"https:\/\/santana.palacios.soy\/index.php\/afro-tanz\/","title":{"rendered":"Afro Tanz"},"content":{"rendered":"<p>[et_pb_section fb_built=&#8220;1&#8243; _builder_version=&#8220;4.27.4&#8243; _module_preset=&#8220;default&#8220; global_colors_info=&#8220;{}&#8220;][et_pb_row _builder_version=&#8220;4.27.4&#8243; _module_preset=&#8220;default&#8220; global_colors_info=&#8220;{}&#8220;][et_pb_column type=&#8220;4_4&#8243; _builder_version=&#8220;4.27.4&#8243; _module_preset=&#8220;default&#8220; global_colors_info=&#8220;{}&#8220;][et_pb_text _builder_version=&#8220;4.27.4&#8243; _module_preset=&#8220;default&#8220; text_font_size=&#8220;18px&#8220; header_font_size=&#8220;32px&#8220; header_3_text_color=&#8220;#993300&#8243; hover_enabled=&#8220;0&#8243; global_colors_info=&#8220;{}&#8220; sticky_enabled=&#8220;0&#8243;]<\/p>\n<h1 class=\"title\"><strong>Afro Tanz<\/strong><\/h1>\n<p>&nbsp;<\/p>\n<p>Getanzte Tradition auch in M\u00fcnchen!<\/p>\n<p>Afro als Tanz ist ein expressiver, kraftvoller Stil, der seinen Ursprung in afrikanischen Stammest\u00e4nzen findet und noch heute eng an die Traditionen und Kulturen angelehnt ist.\u00a0K\u00f6rpersprache und Mimik sind wichtige Bestandteile dieses ausdrucksstarken Tanzes. Die T\u00e4nzer werden Eins mit dem Rhythmus und der Geschichte, die sie erz\u00e4hlen.<\/p>\n<p>&nbsp;<\/p>\n<p>&nbsp;<\/p>\n<p>&nbsp;<\/p>\n<p>Wer sich gerne mit Leib und Seele auf Musik und Tanz mit Hintergrund einl\u00e4sst, ist hier genau richtig.<\/p>\n<p>&nbsp;<\/p>\n<p>Teil unseren Tanzkurs!<span>\u00a0<\/span><a name=\"fb_share\" type=\"button_count\" href=\"http:\/\/www.facebook.com\/sharer.php\">Share<\/a><\/p>\n<p>[\/et_pb_text][\/et_pb_column][\/et_pb_row][et_pb_row _builder_version=&#8220;4.27.4&#8243; _module_preset=&#8220;default&#8220; global_colors_info=&#8220;{}&#8220;][et_pb_column type=&#8220;4_4&#8243; _builder_version=&#8220;4.27.4&#8243; _module_preset=&#8220;default&#8220; global_colors_info=&#8220;{}&#8220;][et_pb_image src=&#8220;https:\/\/santana.palacios.soy\/wp-content\/uploads\/2025\/07\/maikel-santana_006-1024&#215;680-1.jpg&#8220; title_text=&#8220;maikel-santana_006-1024&#215;680&#8243; align=&#8220;center&#8220; _builder_version=&#8220;4.27.4&#8243; _module_preset=&#8220;default&#8220; hover_enabled=&#8220;0&#8243; global_colors_info=&#8220;{}&#8220; height=&#8220;453px&#8220; sticky_enabled=&#8220;0&#8243;][\/et_pb_image][et_pb_text _builder_version=&#8220;4.27.4&#8243; _module_preset=&#8220;default&#8220; custom_padding=&#8220;||||false|false&#8220; custom_margin=&#8220;-20px||||false|false&#8220; hover_enabled=&#8220;0&#8243; sticky_enabled=&#8220;0&#8243;]<\/p>\n<p style=\"text-align: center;\"><strong>Maikel und Crew beim Afro Tanz in M\u00fcnchen<\/strong><\/p>\n<p>[\/et_pb_text][\/et_pb_column][\/et_pb_row][\/et_pb_section]<\/p>\n","protected":false},"excerpt":{"rendered":"<p>Afro Tanz &nbsp; Getanzte Tradition auch in M\u00fcnchen! Afro als Tanz ist ein expressiver, kraftvoller Stil, der seinen Ursprung in afrikanischen Stammest\u00e4nzen findet und noch heute eng an die Traditionen [&hellip;]<\/p>\n","protected":false},"author":1,"featured_media":0,"parent":0,"menu_order":0,"comment_status":"closed","ping_status":"closed","template":"","meta":{"_et_pb_use_builder":"on","_et_pb_old_content":"","_et_gb_content_width":"","footnotes":""},"class_list":["post-107","page","type-page","status-publish","hentry"],"yoast_head":"<!-- This site is optimized with the Yoast SEO plugin v27.5 - https:\/\/yoast.com\/product\/yoast-seo-wordpress\/ -->\n<title>Afro Tanz - Santana Dance<\/title>\n<meta name=\"robots\" content=\"index, follow, max-snippet:-1, max-image-preview:large, max-video-preview:-1\" \/>\n<link rel=\"canonical\" href=\"https:\/\/santana.palacios.soy\/index.php\/afro-tanz\/\" \/>\n<meta property=\"og:locale\" content=\"de_DE\" \/>\n<meta property=\"og:type\" content=\"article\" \/>\n<meta property=\"og:title\" content=\"Afro Tanz - Santana Dance\" \/>\n<meta property=\"og:description\" content=\"Afro Tanz &nbsp; Getanzte Tradition auch in M\u00fcnchen! Afro als Tanz ist ein expressiver, kraftvoller Stil, der seinen Ursprung in afrikanischen Stammest\u00e4nzen findet und noch heute eng an die Traditionen [&hellip;]\" \/>\n<meta property=\"og:url\" content=\"https:\/\/santana.palacios.soy\/index.php\/afro-tanz\/\" \/>\n<meta property=\"og:site_name\" content=\"Santana Dance\" \/>\n<meta property=\"article:modified_time\" content=\"2025-07-20T22:05:23+00:00\" \/>\n<meta name=\"twitter:card\" content=\"summary_large_image\" \/>\n<script type=\"application\/ld+json\" class=\"yoast-schema-graph\">{\"@context\":\"https:\\\/\\\/schema.org\",\"@graph\":[{\"@type\":\"WebPage\",\"@id\":\"https:\\\/\\\/santana.palacios.soy\\\/index.php\\\/afro-tanz\\\/\",\"url\":\"https:\\\/\\\/santana.palacios.soy\\\/index.php\\\/afro-tanz\\\/\",\"name\":\"Afro Tanz - Santana Dance\",\"isPartOf\":{\"@id\":\"https:\\\/\\\/santana.palacios.soy\\\/#website\"},\"datePublished\":\"2025-07-20T22:04:47+00:00\",\"dateModified\":\"2025-07-20T22:05:23+00:00\",\"breadcrumb\":{\"@id\":\"https:\\\/\\\/santana.palacios.soy\\\/index.php\\\/afro-tanz\\\/#breadcrumb\"},\"inLanguage\":\"de\",\"potentialAction\":[{\"@type\":\"ReadAction\",\"target\":[\"https:\\\/\\\/santana.palacios.soy\\\/index.php\\\/afro-tanz\\\/\"]}]},{\"@type\":\"BreadcrumbList\",\"@id\":\"https:\\\/\\\/santana.palacios.soy\\\/index.php\\\/afro-tanz\\\/#breadcrumb\",\"itemListElement\":[{\"@type\":\"ListItem\",\"position\":1,\"name\":\"Startseite\",\"item\":\"https:\\\/\\\/santana.palacios.soy\\\/\"},{\"@type\":\"ListItem\",\"position\":2,\"name\":\"Afro Tanz\"}]},{\"@type\":\"WebSite\",\"@id\":\"https:\\\/\\\/santana.palacios.soy\\\/#website\",\"url\":\"https:\\\/\\\/santana.palacios.soy\\\/\",\"name\":\"Santana Dance\",\"description\":\"Salsa Tanzschule M\u00fcnchen\",\"potentialAction\":[{\"@type\":\"SearchAction\",\"target\":{\"@type\":\"EntryPoint\",\"urlTemplate\":\"https:\\\/\\\/santana.palacios.soy\\\/?s={search_term_string}\"},\"query-input\":{\"@type\":\"PropertyValueSpecification\",\"valueRequired\":true,\"valueName\":\"search_term_string\"}}],\"inLanguage\":\"de\"}]}<\/script>\n<!-- \/ Yoast SEO plugin. -->","yoast_head_json":{"title":"Afro Tanz - Santana Dance","robots":{"index":"index","follow":"follow","max-snippet":"max-snippet:-1","max-image-preview":"max-image-preview:large","max-video-preview":"max-video-preview:-1"},"canonical":"https:\/\/santana.palacios.soy\/index.php\/afro-tanz\/","og_locale":"de_DE","og_type":"article","og_title":"Afro Tanz - Santana Dance","og_description":"Afro Tanz &nbsp; Getanzte Tradition auch in M\u00fcnchen! Afro als Tanz ist ein expressiver, kraftvoller Stil, der seinen Ursprung in afrikanischen Stammest\u00e4nzen findet und noch heute eng an die Traditionen [&hellip;]","og_url":"https:\/\/santana.palacios.soy\/index.php\/afro-tanz\/","og_site_name":"Santana Dance","article_modified_time":"2025-07-20T22:05:23+00:00","twitter_card":"summary_large_image","schema":{"@context":"https:\/\/schema.org","@graph":[{"@type":"WebPage","@id":"https:\/\/santana.palacios.soy\/index.php\/afro-tanz\/","url":"https:\/\/santana.palacios.soy\/index.php\/afro-tanz\/","name":"Afro Tanz - Santana Dance","isPartOf":{"@id":"https:\/\/santana.palacios.soy\/#website"},"datePublished":"2025-07-20T22:04:47+00:00","dateModified":"2025-07-20T22:05:23+00:00","breadcrumb":{"@id":"https:\/\/santana.palacios.soy\/index.php\/afro-tanz\/#breadcrumb"},"inLanguage":"de","potentialAction":[{"@type":"ReadAction","target":["https:\/\/santana.palacios.soy\/index.php\/afro-tanz\/"]}]},{"@type":"BreadcrumbList","@id":"https:\/\/santana.palacios.soy\/index.php\/afro-tanz\/#breadcrumb","itemListElement":[{"@type":"ListItem","position":1,"name":"Startseite","item":"https:\/\/santana.palacios.soy\/"},{"@type":"ListItem","position":2,"name":"Afro Tanz"}]},{"@type":"WebSite","@id":"https:\/\/santana.palacios.soy\/#website","url":"https:\/\/santana.palacios.soy\/","name":"Santana Dance","description":"Salsa Tanzschule M\u00fcnchen","potentialAction":[{"@type":"SearchAction","target":{"@type":"EntryPoint","urlTemplate":"https:\/\/santana.palacios.soy\/?s={search_term_string}"},"query-input":{"@type":"PropertyValueSpecification","valueRequired":true,"valueName":"search_term_string"}}],"inLanguage":"de"}]}},"_links":{"self":[{"href":"https:\/\/santana.palacios.soy\/index.php\/wp-json\/wp\/v2\/pages\/107","targetHints":{"allow":["GET"]}}],"collection":[{"href":"https:\/\/santana.palacios.soy\/index.php\/wp-json\/wp\/v2\/pages"}],"about":[{"href":"https:\/\/santana.palacios.soy\/index.php\/wp-json\/wp\/v2\/types\/page"}],"author":[{"embeddable":true,"href":"https:\/\/santana.palacios.soy\/index.php\/wp-json\/wp\/v2\/users\/1"}],"replies":[{"embeddable":true,"href":"https:\/\/santana.palacios.soy\/index.php\/wp-json\/wp\/v2\/comments?post=107"}],"version-history":[{"count":3,"href":"https:\/\/santana.palacios.soy\/index.php\/wp-json\/wp\/v2\/pages\/107\/revisions"}],"predecessor-version":[{"id":112,"href":"https:\/\/santana.palacios.soy\/index.php\/wp-json\/wp\/v2\/pages\/107\/revisions\/112"}],"wp:attachment":[{"href":"https:\/\/santana.palacios.soy\/index.php\/wp-json\/wp\/v2\/media?parent=107"}],"curies":[{"name":"wp","href":"https:\/\/api.w.org\/{rel}","templated":true}]}}