{"id":45,"date":"2025-07-20T20:39:04","date_gmt":"2025-07-20T20:39:04","guid":{"rendered":"https:\/\/santana.palacios.soy\/?page_id=45"},"modified":"2025-07-20T20:39:04","modified_gmt":"2025-07-20T20:39:04","slug":"stundenplan","status":"publish","type":"page","link":"https:\/\/santana.palacios.soy\/index.php\/stundenplan\/","title":{"rendered":"Stundenplan"},"content":{"rendered":"<p>[et_pb_section fb_built=&#8220;1&#8243; theme_builder_area=&#8220;post_content&#8220; _builder_version=&#8220;4.27.4&#8243; _module_preset=&#8220;default&#8220;][et_pb_row _builder_version=&#8220;4.27.4&#8243; _module_preset=&#8220;default&#8220; theme_builder_area=&#8220;post_content&#8220;][et_pb_column _builder_version=&#8220;4.27.4&#8243; _module_preset=&#8220;default&#8220; type=&#8220;4_4&#8243; theme_builder_area=&#8220;post_content&#8220;][et_pb_text _builder_version=&#8220;4.27.4&#8243; _module_preset=&#8220;default&#8220; theme_builder_area=&#8220;post_content&#8220; text_font_size=&#8220;18px&#8220; header_3_text_color=&#8220;#993300&#8243; hover_enabled=&#8220;0&#8243; sticky_enabled=&#8220;0&#8243; header_font_size=&#8220;32px&#8220;]<\/p>\n<h1 class=\"title\"><strong>Stundenplan<\/strong><\/h1>\n<p>Teilnahme an den Tanzkursen:<\/p>\n<p>Aufgrund der sehr hohen Anzahl an Teilnehmern in manchen Kursen, bitte ich Euch, euch regelm\u00e4\u00dfig zu den Kursen anzumelden.<\/p>\n<p><strong>WICHTIG:<\/strong><span>\u00a0<\/span>Die Teilnahme via Urban Sports ist nur f\u00fcr neue Tanzsch\u00fcler (keine Bestandskunden) m\u00f6glich.<br \/>Auch f\u00fcr Urban Sports Kunden ist die Teilnahme an den Kursen nur mit Voranmeldung (3 Tage im Voraus) m\u00f6glich.<\/p>\n<p>Bei Fragen, meldet Euch sehr gerne jederzeit bei uns.<\/p>\n<p>&nbsp;<\/p>\n<h3 style=\"text-align: center;\"><strong>Gelb Schwarz Casino M\u00fcnchen e. V.<br \/>Sonnenstra\u00dfe 12A\/2. Stock<br \/>80331 M\u00fcnchen<br \/>Studio 2<\/strong><\/h3>\n<p>[\/et_pb_text][\/et_pb_column][\/et_pb_row][et_pb_row _builder_version=&#8220;4.27.4&#8243; _module_preset=&#8220;default&#8220; theme_builder_area=&#8220;post_content&#8220;][et_pb_column _builder_version=&#8220;4.27.4&#8243; _module_preset=&#8220;default&#8220; type=&#8220;4_4&#8243; theme_builder_area=&#8220;post_content&#8220;][et_pb_image src=&#8220;https:\/\/santana.palacios.soy\/wp-content\/uploads\/2025\/07\/Stundenplan_Juli_2025.jpg&#8220; _builder_version=&#8220;4.27.4&#8243; _module_preset=&#8220;default&#8220; theme_builder_area=&#8220;post_content&#8220; title_text=&#8220;Stundenplan_Juli_2025&#8243; align=&#8220;center&#8220; hover_enabled=&#8220;0&#8243; sticky_enabled=&#8220;0&#8243;][\/et_pb_image][\/et_pb_column][\/et_pb_row][\/et_pb_section]<\/p>\n","protected":false},"excerpt":{"rendered":"<p>Stundenplan Teilnahme an den Tanzkursen: Aufgrund der sehr hohen Anzahl an Teilnehmern in manchen Kursen, bitte ich Euch, euch regelm\u00e4\u00dfig zu den Kursen anzumelden. WICHTIG:\u00a0Die Teilnahme via Urban Sports ist [&hellip;]<\/p>\n","protected":false},"author":1,"featured_media":0,"parent":0,"menu_order":0,"comment_status":"closed","ping_status":"closed","template":"","meta":{"_et_pb_use_builder":"on","_et_pb_old_content":"","_et_gb_content_width":"","footnotes":""},"class_list":["post-45","page","type-page","status-publish","hentry"],"yoast_head":"<!-- This site is optimized with the Yoast SEO plugin v27.5 - https:\/\/yoast.com\/product\/yoast-seo-wordpress\/ -->\n<title>Stundenplan - Santana Dance<\/title>\n<meta name=\"robots\" content=\"index, follow, max-snippet:-1, max-image-preview:large, max-video-preview:-1\" \/>\n<link rel=\"canonical\" href=\"https:\/\/santana.palacios.soy\/index.php\/stundenplan\/\" \/>\n<meta property=\"og:locale\" content=\"de_DE\" \/>\n<meta property=\"og:type\" content=\"article\" \/>\n<meta property=\"og:title\" content=\"Stundenplan - Santana Dance\" \/>\n<meta property=\"og:description\" content=\"Stundenplan Teilnahme an den Tanzkursen: Aufgrund der sehr hohen Anzahl an Teilnehmern in manchen Kursen, bitte ich Euch, euch regelm\u00e4\u00dfig zu den Kursen anzumelden. WICHTIG:\u00a0Die Teilnahme via Urban Sports ist [&hellip;]\" \/>\n<meta property=\"og:url\" content=\"https:\/\/santana.palacios.soy\/index.php\/stundenplan\/\" \/>\n<meta property=\"og:site_name\" content=\"Santana Dance\" \/>\n<meta name=\"twitter:card\" content=\"summary_large_image\" \/>\n<script type=\"application\/ld+json\" class=\"yoast-schema-graph\">{\"@context\":\"https:\\\/\\\/schema.org\",\"@graph\":[{\"@type\":\"WebPage\",\"@id\":\"https:\\\/\\\/santana.palacios.soy\\\/index.php\\\/stundenplan\\\/\",\"url\":\"https:\\\/\\\/santana.palacios.soy\\\/index.php\\\/stundenplan\\\/\",\"name\":\"Stundenplan - Santana Dance\",\"isPartOf\":{\"@id\":\"https:\\\/\\\/santana.palacios.soy\\\/#website\"},\"datePublished\":\"2025-07-20T20:39:04+00:00\",\"breadcrumb\":{\"@id\":\"https:\\\/\\\/santana.palacios.soy\\\/index.php\\\/stundenplan\\\/#breadcrumb\"},\"inLanguage\":\"de\",\"potentialAction\":[{\"@type\":\"ReadAction\",\"target\":[\"https:\\\/\\\/santana.palacios.soy\\\/index.php\\\/stundenplan\\\/\"]}]},{\"@type\":\"BreadcrumbList\",\"@id\":\"https:\\\/\\\/santana.palacios.soy\\\/index.php\\\/stundenplan\\\/#breadcrumb\",\"itemListElement\":[{\"@type\":\"ListItem\",\"position\":1,\"name\":\"Startseite\",\"item\":\"https:\\\/\\\/santana.palacios.soy\\\/\"},{\"@type\":\"ListItem\",\"position\":2,\"name\":\"Stundenplan\"}]},{\"@type\":\"WebSite\",\"@id\":\"https:\\\/\\\/santana.palacios.soy\\\/#website\",\"url\":\"https:\\\/\\\/santana.palacios.soy\\\/\",\"name\":\"Santana Dance\",\"description\":\"Salsa Tanzschule M\u00fcnchen\",\"potentialAction\":[{\"@type\":\"SearchAction\",\"target\":{\"@type\":\"EntryPoint\",\"urlTemplate\":\"https:\\\/\\\/santana.palacios.soy\\\/?s={search_term_string}\"},\"query-input\":{\"@type\":\"PropertyValueSpecification\",\"valueRequired\":true,\"valueName\":\"search_term_string\"}}],\"inLanguage\":\"de\"}]}<\/script>\n<!-- \/ Yoast SEO plugin. -->","yoast_head_json":{"title":"Stundenplan - Santana Dance","robots":{"index":"index","follow":"follow","max-snippet":"max-snippet:-1","max-image-preview":"max-image-preview:large","max-video-preview":"max-video-preview:-1"},"canonical":"https:\/\/santana.palacios.soy\/index.php\/stundenplan\/","og_locale":"de_DE","og_type":"article","og_title":"Stundenplan - Santana Dance","og_description":"Stundenplan Teilnahme an den Tanzkursen: Aufgrund der sehr hohen Anzahl an Teilnehmern in manchen Kursen, bitte ich Euch, euch regelm\u00e4\u00dfig zu den Kursen anzumelden. WICHTIG:\u00a0Die Teilnahme via Urban Sports ist [&hellip;]","og_url":"https:\/\/santana.palacios.soy\/index.php\/stundenplan\/","og_site_name":"Santana Dance","twitter_card":"summary_large_image","schema":{"@context":"https:\/\/schema.org","@graph":[{"@type":"WebPage","@id":"https:\/\/santana.palacios.soy\/index.php\/stundenplan\/","url":"https:\/\/santana.palacios.soy\/index.php\/stundenplan\/","name":"Stundenplan - Santana Dance","isPartOf":{"@id":"https:\/\/santana.palacios.soy\/#website"},"datePublished":"2025-07-20T20:39:04+00:00","breadcrumb":{"@id":"https:\/\/santana.palacios.soy\/index.php\/stundenplan\/#breadcrumb"},"inLanguage":"de","potentialAction":[{"@type":"ReadAction","target":["https:\/\/santana.palacios.soy\/index.php\/stundenplan\/"]}]},{"@type":"BreadcrumbList","@id":"https:\/\/santana.palacios.soy\/index.php\/stundenplan\/#breadcrumb","itemListElement":[{"@type":"ListItem","position":1,"name":"Startseite","item":"https:\/\/santana.palacios.soy\/"},{"@type":"ListItem","position":2,"name":"Stundenplan"}]},{"@type":"WebSite","@id":"https:\/\/santana.palacios.soy\/#website","url":"https:\/\/santana.palacios.soy\/","name":"Santana Dance","description":"Salsa Tanzschule M\u00fcnchen","potentialAction":[{"@type":"SearchAction","target":{"@type":"EntryPoint","urlTemplate":"https:\/\/santana.palacios.soy\/?s={search_term_string}"},"query-input":{"@type":"PropertyValueSpecification","valueRequired":true,"valueName":"search_term_string"}}],"inLanguage":"de"}]}},"_links":{"self":[{"href":"https:\/\/santana.palacios.soy\/index.php\/wp-json\/wp\/v2\/pages\/45","targetHints":{"allow":["GET"]}}],"collection":[{"href":"https:\/\/santana.palacios.soy\/index.php\/wp-json\/wp\/v2\/pages"}],"about":[{"href":"https:\/\/santana.palacios.soy\/index.php\/wp-json\/wp\/v2\/types\/page"}],"author":[{"embeddable":true,"href":"https:\/\/santana.palacios.soy\/index.php\/wp-json\/wp\/v2\/users\/1"}],"replies":[{"embeddable":true,"href":"https:\/\/santana.palacios.soy\/index.php\/wp-json\/wp\/v2\/comments?post=45"}],"version-history":[{"count":3,"href":"https:\/\/santana.palacios.soy\/index.php\/wp-json\/wp\/v2\/pages\/45\/revisions"}],"predecessor-version":[{"id":52,"href":"https:\/\/santana.palacios.soy\/index.php\/wp-json\/wp\/v2\/pages\/45\/revisions\/52"}],"wp:attachment":[{"href":"https:\/\/santana.palacios.soy\/index.php\/wp-json\/wp\/v2\/media?parent=45"}],"curies":[{"name":"wp","href":"https:\/\/api.w.org\/{rel}","templated":true}]}}