{"id":70,"date":"2025-07-20T21:17:43","date_gmt":"2025-07-20T21:17:43","guid":{"rendered":"https:\/\/santana.palacios.soy\/?page_id=70"},"modified":"2025-07-20T21:18:01","modified_gmt":"2025-07-20T21:18:01","slug":"dance-company","status":"publish","type":"page","link":"https:\/\/santana.palacios.soy\/index.php\/dance-company\/","title":{"rendered":"Dance Company"},"content":{"rendered":"<p>[et_pb_section fb_built=&#8220;1&#8243; _builder_version=&#8220;4.27.4&#8243; _module_preset=&#8220;default&#8220; global_colors_info=&#8220;{}&#8220;][et_pb_row _builder_version=&#8220;4.27.4&#8243; _module_preset=&#8220;default&#8220; global_colors_info=&#8220;{}&#8220;][et_pb_column type=&#8220;4_4&#8243; _builder_version=&#8220;4.27.4&#8243; _module_preset=&#8220;default&#8220; global_colors_info=&#8220;{}&#8220;][et_pb_text _builder_version=&#8220;4.27.4&#8243; _module_preset=&#8220;default&#8220; text_font_size=&#8220;18px&#8220; header_font_size=&#8220;32px&#8220; header_3_text_color=&#8220;#993300&#8243; hover_enabled=&#8220;0&#8243; global_colors_info=&#8220;{}&#8220; sticky_enabled=&#8220;0&#8243;]<\/p>\n<h1 class=\"title\"><strong>Dance Company<\/strong><\/h1>\n<p>&nbsp;<\/p>\n<p>Die<span>\u00a0<\/span><strong>Santana Dance Company<\/strong><span>\u00a0<\/span>wurde Ende 2011 vom T\u00e4nzer und Choreograph\u00a0<strong>Maikel Perez Santana<\/strong>\u00a0in M\u00fcnchen gegr\u00fcndet und umfasst alle kubanischen Tanzstile, von\u00a0<strong>Salsa Cubana<\/strong>\u00a0\/ Kubana \u00fcber\u00a0<strong>Rumba<\/strong>\u00a0bis\u00a0<strong>Afro<\/strong>, sowie auch\u00a0<strong>Bachata<\/strong>,\u00a0<strong>Reggaeton<\/strong>\u00a0und<strong>\u00a0Hip Hop<\/strong>.<\/p>\n<div>\n<p>&nbsp;<\/p>\n<p>Die Gruppe besteht mittlerweile aus folgenden\u00a0<strong>T\u00e4nzern<\/strong>:<\/p>\n<p><strong>Maikel Santana<\/strong>\u00a0\u2013 Gr\u00fcnder und\u00a0<strong>Choreograph<\/strong>\u00a0der Tanz \u2013 Company.<br \/><strong>Alma Naidu<\/strong><span>\u00a0<\/span>\u2013 seit 2015 T\u00e4nzerin und Trainerin der Santana Dance Schule<br \/><strong>Leyla Tschaidse<span>\u00a0<\/span><\/strong>\u2013 seit 2014 T\u00e4nzerin und Trainerin der Santana Dance Schule<\/p>\n<p>&nbsp;<\/p>\n<p>Alle T\u00e4nzer waren f\u00fcr das Musikvideo \u201c<em>El Tamarindo<\/em>\u201d der Reggaetongruppe \u201c<em>La Alianza<\/em>\u201d in Kuba gebucht. Sie sind bereits mit eigenen Shows in Augsburg, Karlsruhe, Stuttgart, M\u00fcnchen und in der Schweiz aufgetreten. Sie tanzten f\u00fcr Veranstaltungen im Bayrischen Hof sowie in der M\u00fcnchner Innenstadt. Die Santana Dance Company machte den 2.Platz bei der Rueda Meisterschaft in Stuttgart 2013.<\/p>\n<\/div>\n<p>[\/et_pb_text][\/et_pb_column][\/et_pb_row][et_pb_row _builder_version=&#8220;4.27.4&#8243; _module_preset=&#8220;default&#8220;][et_pb_column _builder_version=&#8220;4.27.4&#8243; _module_preset=&#8220;default&#8220; type=&#8220;4_4&#8243;][et_pb_accordion _builder_version=&#8220;4.27.4&#8243; _module_preset=&#8220;default&#8220; toggle_font_size=&#8220;18px&#8220; toggle_font=&#8220;||||||||&#8220; hover_enabled=&#8220;0&#8243; sticky_enabled=&#8220;0&#8243; body_font_size=&#8220;17px&#8220;][et_pb_accordion_item title=&#8220;Alte Crew bis 2016&#8243; _builder_version=&#8220;4.27.4&#8243; _module_preset=&#8220;default&#8220; open=&#8220;on&#8220; hover_enabled=&#8220;0&#8243; sticky_enabled=&#8220;0&#8243;]<\/p>\n<ul>\n<li><strong>Emanuel Leder<\/strong>\u00a0\u2013 seit Anfang 2011 T\u00e4nzer in der Santana Dance Schule, Breakdancer, sowie Zumba Instuctor.<\/li>\n<li><strong>Bernando Maric<\/strong>\u00a0\u2013 seit Ende 2010 T\u00e4nzer und Trainer der Santana Dance Schule.<\/li>\n<li><strong>Jessica Lea Denis<\/strong>\u00a0\u2013 seit Ende 2011 T\u00e4nzerin und Trainerin f\u00fcr Salsa und Reggaeton.<\/li>\n<li><strong>Laura Del Veccio<\/strong>\u00a0\u2013 seit Juli 2011 T\u00e4nzerin bei Santana Dance, war Jury-Mitglied bei HipHop-Meisterschaften und nahm auch an mehreren HipHop-Meisterschaften teil.<\/li>\n<\/ul>\n<p>[\/et_pb_accordion_item][\/et_pb_accordion][\/et_pb_column][\/et_pb_row][et_pb_row _builder_version=&#8220;4.27.4&#8243; _module_preset=&#8220;default&#8220;][et_pb_column _builder_version=&#8220;4.27.4&#8243; _module_preset=&#8220;default&#8220; type=&#8220;4_4&#8243;][et_pb_text _builder_version=&#8220;4.27.4&#8243; _module_preset=&#8220;default&#8220; text_font_size=&#8220;18px&#8220; hover_enabled=&#8220;0&#8243; sticky_enabled=&#8220;0&#8243;]<\/p>\n<p>Sollte Sie Interesse haben, unser Team zu buchen bitte uns<span>\u00a0<\/span><a title=\"Kontakt\" href=\"http:\/\/www.santana-dance.de\/kontakt\/\">kontaktieren<\/a>!<\/p>\n<div>\n<p>&nbsp;<\/p>\n<p>Wenn Sie uns empfehlen wollen:<span>\u00a0<\/span><a name=\"fb_share\" type=\"button_count\" href=\"http:\/\/www.facebook.com\/sharer.php\">Share<\/a><\/p>\n<\/div>\n<p>[\/et_pb_text][\/et_pb_column][\/et_pb_row][\/et_pb_section]<\/p>\n","protected":false},"excerpt":{"rendered":"<p>Dance Company &nbsp; Die\u00a0Santana Dance Company\u00a0wurde Ende 2011 vom T\u00e4nzer und Choreograph\u00a0Maikel Perez Santana\u00a0in M\u00fcnchen gegr\u00fcndet und umfasst alle kubanischen Tanzstile, von\u00a0Salsa Cubana\u00a0\/ Kubana \u00fcber\u00a0Rumba\u00a0bis\u00a0Afro, sowie auch\u00a0Bachata,\u00a0Reggaeton\u00a0und\u00a0Hip Hop. &nbsp; Die [&hellip;]<\/p>\n","protected":false},"author":1,"featured_media":0,"parent":0,"menu_order":0,"comment_status":"closed","ping_status":"closed","template":"","meta":{"_et_pb_use_builder":"on","_et_pb_old_content":"","_et_gb_content_width":"","footnotes":""},"class_list":["post-70","page","type-page","status-publish","hentry"],"yoast_head":"<!-- This site is optimized with the Yoast SEO plugin v27.5 - https:\/\/yoast.com\/product\/yoast-seo-wordpress\/ -->\n<title>Dance Company - Santana Dance<\/title>\n<meta name=\"robots\" content=\"index, follow, max-snippet:-1, max-image-preview:large, max-video-preview:-1\" \/>\n<link rel=\"canonical\" href=\"https:\/\/santana.palacios.soy\/index.php\/dance-company\/\" \/>\n<meta property=\"og:locale\" content=\"de_DE\" \/>\n<meta property=\"og:type\" content=\"article\" \/>\n<meta property=\"og:title\" content=\"Dance Company - Santana Dance\" \/>\n<meta property=\"og:description\" content=\"Dance Company &nbsp; Die\u00a0Santana Dance Company\u00a0wurde Ende 2011 vom T\u00e4nzer und Choreograph\u00a0Maikel Perez Santana\u00a0in M\u00fcnchen gegr\u00fcndet und umfasst alle kubanischen Tanzstile, von\u00a0Salsa Cubana\u00a0\/ Kubana \u00fcber\u00a0Rumba\u00a0bis\u00a0Afro, sowie auch\u00a0Bachata,\u00a0Reggaeton\u00a0und\u00a0Hip Hop. &nbsp; Die [&hellip;]\" \/>\n<meta property=\"og:url\" content=\"https:\/\/santana.palacios.soy\/index.php\/dance-company\/\" \/>\n<meta property=\"og:site_name\" content=\"Santana Dance\" \/>\n<meta property=\"article:modified_time\" content=\"2025-07-20T21:18:01+00:00\" \/>\n<meta name=\"twitter:card\" content=\"summary_large_image\" \/>\n<script type=\"application\/ld+json\" class=\"yoast-schema-graph\">{\"@context\":\"https:\\\/\\\/schema.org\",\"@graph\":[{\"@type\":\"WebPage\",\"@id\":\"https:\\\/\\\/santana.palacios.soy\\\/index.php\\\/dance-company\\\/\",\"url\":\"https:\\\/\\\/santana.palacios.soy\\\/index.php\\\/dance-company\\\/\",\"name\":\"Dance Company - Santana Dance\",\"isPartOf\":{\"@id\":\"https:\\\/\\\/santana.palacios.soy\\\/#website\"},\"datePublished\":\"2025-07-20T21:17:43+00:00\",\"dateModified\":\"2025-07-20T21:18:01+00:00\",\"breadcrumb\":{\"@id\":\"https:\\\/\\\/santana.palacios.soy\\\/index.php\\\/dance-company\\\/#breadcrumb\"},\"inLanguage\":\"de\",\"potentialAction\":[{\"@type\":\"ReadAction\",\"target\":[\"https:\\\/\\\/santana.palacios.soy\\\/index.php\\\/dance-company\\\/\"]}]},{\"@type\":\"BreadcrumbList\",\"@id\":\"https:\\\/\\\/santana.palacios.soy\\\/index.php\\\/dance-company\\\/#breadcrumb\",\"itemListElement\":[{\"@type\":\"ListItem\",\"position\":1,\"name\":\"Startseite\",\"item\":\"https:\\\/\\\/santana.palacios.soy\\\/\"},{\"@type\":\"ListItem\",\"position\":2,\"name\":\"Dance Company\"}]},{\"@type\":\"WebSite\",\"@id\":\"https:\\\/\\\/santana.palacios.soy\\\/#website\",\"url\":\"https:\\\/\\\/santana.palacios.soy\\\/\",\"name\":\"Santana Dance\",\"description\":\"Salsa Tanzschule M\u00fcnchen\",\"potentialAction\":[{\"@type\":\"SearchAction\",\"target\":{\"@type\":\"EntryPoint\",\"urlTemplate\":\"https:\\\/\\\/santana.palacios.soy\\\/?s={search_term_string}\"},\"query-input\":{\"@type\":\"PropertyValueSpecification\",\"valueRequired\":true,\"valueName\":\"search_term_string\"}}],\"inLanguage\":\"de\"}]}<\/script>\n<!-- \/ Yoast SEO plugin. -->","yoast_head_json":{"title":"Dance Company - Santana Dance","robots":{"index":"index","follow":"follow","max-snippet":"max-snippet:-1","max-image-preview":"max-image-preview:large","max-video-preview":"max-video-preview:-1"},"canonical":"https:\/\/santana.palacios.soy\/index.php\/dance-company\/","og_locale":"de_DE","og_type":"article","og_title":"Dance Company - Santana Dance","og_description":"Dance Company &nbsp; Die\u00a0Santana Dance Company\u00a0wurde Ende 2011 vom T\u00e4nzer und Choreograph\u00a0Maikel Perez Santana\u00a0in M\u00fcnchen gegr\u00fcndet und umfasst alle kubanischen Tanzstile, von\u00a0Salsa Cubana\u00a0\/ Kubana \u00fcber\u00a0Rumba\u00a0bis\u00a0Afro, sowie auch\u00a0Bachata,\u00a0Reggaeton\u00a0und\u00a0Hip Hop. &nbsp; Die [&hellip;]","og_url":"https:\/\/santana.palacios.soy\/index.php\/dance-company\/","og_site_name":"Santana Dance","article_modified_time":"2025-07-20T21:18:01+00:00","twitter_card":"summary_large_image","schema":{"@context":"https:\/\/schema.org","@graph":[{"@type":"WebPage","@id":"https:\/\/santana.palacios.soy\/index.php\/dance-company\/","url":"https:\/\/santana.palacios.soy\/index.php\/dance-company\/","name":"Dance Company - Santana Dance","isPartOf":{"@id":"https:\/\/santana.palacios.soy\/#website"},"datePublished":"2025-07-20T21:17:43+00:00","dateModified":"2025-07-20T21:18:01+00:00","breadcrumb":{"@id":"https:\/\/santana.palacios.soy\/index.php\/dance-company\/#breadcrumb"},"inLanguage":"de","potentialAction":[{"@type":"ReadAction","target":["https:\/\/santana.palacios.soy\/index.php\/dance-company\/"]}]},{"@type":"BreadcrumbList","@id":"https:\/\/santana.palacios.soy\/index.php\/dance-company\/#breadcrumb","itemListElement":[{"@type":"ListItem","position":1,"name":"Startseite","item":"https:\/\/santana.palacios.soy\/"},{"@type":"ListItem","position":2,"name":"Dance Company"}]},{"@type":"WebSite","@id":"https:\/\/santana.palacios.soy\/#website","url":"https:\/\/santana.palacios.soy\/","name":"Santana Dance","description":"Salsa Tanzschule M\u00fcnchen","potentialAction":[{"@type":"SearchAction","target":{"@type":"EntryPoint","urlTemplate":"https:\/\/santana.palacios.soy\/?s={search_term_string}"},"query-input":{"@type":"PropertyValueSpecification","valueRequired":true,"valueName":"search_term_string"}}],"inLanguage":"de"}]}},"_links":{"self":[{"href":"https:\/\/santana.palacios.soy\/index.php\/wp-json\/wp\/v2\/pages\/70","targetHints":{"allow":["GET"]}}],"collection":[{"href":"https:\/\/santana.palacios.soy\/index.php\/wp-json\/wp\/v2\/pages"}],"about":[{"href":"https:\/\/santana.palacios.soy\/index.php\/wp-json\/wp\/v2\/types\/page"}],"author":[{"embeddable":true,"href":"https:\/\/santana.palacios.soy\/index.php\/wp-json\/wp\/v2\/users\/1"}],"replies":[{"embeddable":true,"href":"https:\/\/santana.palacios.soy\/index.php\/wp-json\/wp\/v2\/comments?post=70"}],"version-history":[{"count":2,"href":"https:\/\/santana.palacios.soy\/index.php\/wp-json\/wp\/v2\/pages\/70\/revisions"}],"predecessor-version":[{"id":73,"href":"https:\/\/santana.palacios.soy\/index.php\/wp-json\/wp\/v2\/pages\/70\/revisions\/73"}],"wp:attachment":[{"href":"https:\/\/santana.palacios.soy\/index.php\/wp-json\/wp\/v2\/media?parent=70"}],"curies":[{"name":"wp","href":"https:\/\/api.w.org\/{rel}","templated":true}]}}