{"id":88,"date":"2025-07-20T21:41:42","date_gmt":"2025-07-20T21:41:42","guid":{"rendered":"https:\/\/santana.palacios.soy\/?page_id=88"},"modified":"2025-07-20T21:45:12","modified_gmt":"2025-07-20T21:45:12","slug":"salsa-cubana","status":"publish","type":"page","link":"https:\/\/santana.palacios.soy\/index.php\/salsa-cubana\/","title":{"rendered":"Salsa Cubana"},"content":{"rendered":"<p>[et_pb_section fb_built=&#8220;1&#8243; _builder_version=&#8220;4.27.4&#8243; _module_preset=&#8220;default&#8220; global_colors_info=&#8220;{}&#8220;][et_pb_row _builder_version=&#8220;4.27.4&#8243; _module_preset=&#8220;default&#8220; global_colors_info=&#8220;{}&#8220;][et_pb_column type=&#8220;4_4&#8243; _builder_version=&#8220;4.27.4&#8243; _module_preset=&#8220;default&#8220; global_colors_info=&#8220;{}&#8220;][et_pb_text _builder_version=&#8220;4.27.4&#8243; _module_preset=&#8220;default&#8220; text_font_size=&#8220;18px&#8220; header_font_size=&#8220;32px&#8220; header_3_text_color=&#8220;#993300&#8243; global_colors_info=&#8220;{}&#8220;]<\/p>\n<h1 class=\"title\"><strong>Salsa Cubana<\/strong><\/h1>\n<p>&nbsp;<\/p>\n<p>Salsa Kubana bzw. \u201eSalsa Cubana\u201c auch in M\u00fcnchen erleben: Ausdruck purer Lebenslust!<\/p>\n<p>Salsa Cubana ist nicht einfach nur ein Musik- oder Tanzstil, es ist eine Lebensphilosophie. Der typische Rhythmus erweckt sofort Urlaubsstimmung und l\u00e4sst einen kaum still stehen. In Maikel Santanas Kursen wird den Sch\u00fclern das Verst\u00e4ndnis und die Freude an diesem kubanischen Stil vermittelt. Die Teilnehmer trainieren sowohl individuell als auch als Paar. Dabei ist es nicht erforderlich einen eigenen Tanzpartner mitzubringen. Wie im richtigen Leben tanzt auch im Kurs jeder mit jedem. Um nicht stur auswendig gelernte Figuren-Abfolgen abzuspulen, wird anschlie\u00dfend in der \u201eRueda de Casino\u201c mit viel Spa\u00df Aktion und Reaktion ge\u00fcbt.<\/p>\n<h2><strong>Unsere Kurszeiten:<\/strong><\/h2>\n<p><strong>Salsa- Beginner 1:<span>\u00a0<\/span><\/strong>Dienstags, 20:00 \u2013 21:00 Uhr<strong><br \/>Location:<span>\u00a0<\/span><\/strong>Sonnenstr. 12b\/2.Stock<br \/><strong>Preis:<\/strong><span>\u00a0<\/span>15\u20ac Einzelstunde, Monat 50\u20ac<\/p>\n<p><strong>Salsa- Anf\u00e4nger 2:<\/strong><span>\u00a0<\/span>Donnerstags, 20:00 \u2013 21:00 Uhr<br \/><strong>Location:<\/strong><span>\u00a0<\/span>Sonnenstr. 12b\/2.Stock<br \/><strong>Preis:<\/strong><span>\u00a0<\/span>15\u20ac Einzelstunde, Monat 50\u20ac<\/p>\n<p><strong>Salsa Mittelstufe:<\/strong><span>\u00a0<\/span>Donnerstags, 21:00 \u2013 22:20 Uhr<br \/><strong>Location:<\/strong><span>\u00a0<\/span>Sonnenstr. 12b\/2.Stock<br \/><strong>Preis:<\/strong><span>\u00a0<\/span>20\u20ac Einzelstunde, Monat 70\u20ac<\/p>\n<p><strong>Salsa Fortgeschritten:<\/strong><span>\u00a0<\/span>Dienstags, 21:00 \u2013 22:30 Uhr<br \/><strong>Location:<\/strong><span>\u00a0<\/span>Sonnenstr. 12b\/2.Stock<br \/><strong>Preis:<\/strong><span>\u00a0<\/span>1,5h 20\u20ac, Monat 70\u20ac<\/p>\n<p>Teil unseren Tanzkurs!<span>\u00a0<\/span><a name=\"fb_share\" type=\"button_count\" href=\"http:\/\/www.facebook.com\/sharer.php\">Share<\/a><\/p>\n<p>[\/et_pb_text][\/et_pb_column][\/et_pb_row][et_pb_row _builder_version=&#8220;4.27.4&#8243; _module_preset=&#8220;default&#8220; global_colors_info=&#8220;{}&#8220;][et_pb_column type=&#8220;4_4&#8243; _builder_version=&#8220;4.27.4&#8243; _module_preset=&#8220;default&#8220; global_colors_info=&#8220;{}&#8220;][et_pb_image src=&#8220;https:\/\/santana.palacios.soy\/wp-content\/uploads\/2025\/07\/Salsa-Cubana-Muenchen-617&#215;1024-1.jpg&#8220; title_text=&#8220;Salsa-Cubana-Muenchen-617&#215;1024&#8243; _builder_version=&#8220;4.27.4&#8243; _module_preset=&#8220;default&#8220; height=&#8220;633px&#8220; global_colors_info=&#8220;{}&#8220;][\/et_pb_image][\/et_pb_column][\/et_pb_row][et_pb_row _builder_version=&#8220;4.27.4&#8243; _module_preset=&#8220;default&#8220; global_colors_info=&#8220;{}&#8220;][et_pb_column type=&#8220;4_4&#8243; _builder_version=&#8220;4.27.4&#8243; _module_preset=&#8220;default&#8220; global_colors_info=&#8220;{}&#8220;][et_pb_video _builder_version=&#8220;4.27.4&#8243; _module_preset=&#8220;default&#8220; hover_enabled=&#8220;0&#8243; global_colors_info=&#8220;{}&#8220; src=&#8220;https:\/\/youtu.be\/phbjww6lrWE&#8220; sticky_enabled=&#8220;0&#8243;][\/et_pb_video][\/et_pb_column][\/et_pb_row][et_pb_row _builder_version=&#8220;4.27.4&#8243; _module_preset=&#8220;default&#8220; global_colors_info=&#8220;{}&#8220;][et_pb_column type=&#8220;4_4&#8243; _builder_version=&#8220;4.27.4&#8243; _module_preset=&#8220;default&#8220; global_colors_info=&#8220;{}&#8220;][et_pb_text _builder_version=&#8220;4.27.4&#8243; _module_preset=&#8220;default&#8220; text_font_size=&#8220;18px&#8220; global_colors_info=&#8220;{}&#8220;]<\/p>\n<p><span>Salsa Ladies Style Class (mit Laila und Maria Elena) \u2013 Jeden Samstag 11:00 Uhr bis 12:00 Uhr.<\/span><br \/><span><strong>Location:<\/strong> Sonnenstr. 12b\/2.Stock<\/span><br \/><span><strong>Preis:<\/strong> 15\u20ac Einzelstunde, Monat 50\u20ac<\/span><\/p>\n<p>[\/et_pb_text][\/et_pb_column][\/et_pb_row][et_pb_row _builder_version=&#8220;4.27.4&#8243; _module_preset=&#8220;default&#8220; global_colors_info=&#8220;{}&#8220;][et_pb_column type=&#8220;4_4&#8243; _builder_version=&#8220;4.27.4&#8243; _module_preset=&#8220;default&#8220; global_colors_info=&#8220;{}&#8220;][et_pb_image src=&#8220;https:\/\/santana.palacios.soy\/wp-content\/uploads\/2025\/07\/salsa-Ladies-Style-576&#215;1024-1.jpg&#8220; title_text=&#8220;salsa-Ladies-Style&#8211;576&#215;1024&#8243; _builder_version=&#8220;4.27.4&#8243; _module_preset=&#8220;default&#8220; height=&#8220;633px&#8220; global_colors_info=&#8220;{}&#8220;][\/et_pb_image][\/et_pb_column][\/et_pb_row][\/et_pb_section]<\/p>\n","protected":false},"excerpt":{"rendered":"<p>Salsa Cubana &nbsp; Salsa Kubana bzw. \u201eSalsa Cubana\u201c auch in M\u00fcnchen erleben: Ausdruck purer Lebenslust! Salsa Cubana ist nicht einfach nur ein Musik- oder Tanzstil, es ist eine Lebensphilosophie. Der [&hellip;]<\/p>\n","protected":false},"author":1,"featured_media":0,"parent":0,"menu_order":0,"comment_status":"closed","ping_status":"closed","template":"","meta":{"_et_pb_use_builder":"on","_et_pb_old_content":"","_et_gb_content_width":"","footnotes":""},"class_list":["post-88","page","type-page","status-publish","hentry"],"yoast_head":"<!-- This site is optimized with the Yoast SEO plugin v27.5 - https:\/\/yoast.com\/product\/yoast-seo-wordpress\/ -->\n<title>Salsa Cubana - Santana Dance<\/title>\n<meta name=\"robots\" content=\"index, follow, max-snippet:-1, max-image-preview:large, max-video-preview:-1\" \/>\n<link rel=\"canonical\" href=\"https:\/\/santana.palacios.soy\/index.php\/salsa-cubana\/\" \/>\n<meta property=\"og:locale\" content=\"de_DE\" \/>\n<meta property=\"og:type\" content=\"article\" \/>\n<meta property=\"og:title\" content=\"Salsa Cubana - Santana Dance\" \/>\n<meta property=\"og:description\" content=\"Salsa Cubana &nbsp; Salsa Kubana bzw. \u201eSalsa Cubana\u201c auch in M\u00fcnchen erleben: Ausdruck purer Lebenslust! Salsa Cubana ist nicht einfach nur ein Musik- oder Tanzstil, es ist eine Lebensphilosophie. Der [&hellip;]\" \/>\n<meta property=\"og:url\" content=\"https:\/\/santana.palacios.soy\/index.php\/salsa-cubana\/\" \/>\n<meta property=\"og:site_name\" content=\"Santana Dance\" \/>\n<meta property=\"article:modified_time\" content=\"2025-07-20T21:45:12+00:00\" \/>\n<meta name=\"twitter:card\" content=\"summary_large_image\" \/>\n<script type=\"application\/ld+json\" class=\"yoast-schema-graph\">{\"@context\":\"https:\\\/\\\/schema.org\",\"@graph\":[{\"@type\":\"WebPage\",\"@id\":\"https:\\\/\\\/santana.palacios.soy\\\/index.php\\\/salsa-cubana\\\/\",\"url\":\"https:\\\/\\\/santana.palacios.soy\\\/index.php\\\/salsa-cubana\\\/\",\"name\":\"Salsa Cubana - Santana Dance\",\"isPartOf\":{\"@id\":\"https:\\\/\\\/santana.palacios.soy\\\/#website\"},\"datePublished\":\"2025-07-20T21:41:42+00:00\",\"dateModified\":\"2025-07-20T21:45:12+00:00\",\"breadcrumb\":{\"@id\":\"https:\\\/\\\/santana.palacios.soy\\\/index.php\\\/salsa-cubana\\\/#breadcrumb\"},\"inLanguage\":\"de\",\"potentialAction\":[{\"@type\":\"ReadAction\",\"target\":[\"https:\\\/\\\/santana.palacios.soy\\\/index.php\\\/salsa-cubana\\\/\"]}]},{\"@type\":\"BreadcrumbList\",\"@id\":\"https:\\\/\\\/santana.palacios.soy\\\/index.php\\\/salsa-cubana\\\/#breadcrumb\",\"itemListElement\":[{\"@type\":\"ListItem\",\"position\":1,\"name\":\"Startseite\",\"item\":\"https:\\\/\\\/santana.palacios.soy\\\/\"},{\"@type\":\"ListItem\",\"position\":2,\"name\":\"Salsa Cubana\"}]},{\"@type\":\"WebSite\",\"@id\":\"https:\\\/\\\/santana.palacios.soy\\\/#website\",\"url\":\"https:\\\/\\\/santana.palacios.soy\\\/\",\"name\":\"Santana Dance\",\"description\":\"Salsa Tanzschule M\u00fcnchen\",\"potentialAction\":[{\"@type\":\"SearchAction\",\"target\":{\"@type\":\"EntryPoint\",\"urlTemplate\":\"https:\\\/\\\/santana.palacios.soy\\\/?s={search_term_string}\"},\"query-input\":{\"@type\":\"PropertyValueSpecification\",\"valueRequired\":true,\"valueName\":\"search_term_string\"}}],\"inLanguage\":\"de\"}]}<\/script>\n<!-- \/ Yoast SEO plugin. -->","yoast_head_json":{"title":"Salsa Cubana - Santana Dance","robots":{"index":"index","follow":"follow","max-snippet":"max-snippet:-1","max-image-preview":"max-image-preview:large","max-video-preview":"max-video-preview:-1"},"canonical":"https:\/\/santana.palacios.soy\/index.php\/salsa-cubana\/","og_locale":"de_DE","og_type":"article","og_title":"Salsa Cubana - Santana Dance","og_description":"Salsa Cubana &nbsp; Salsa Kubana bzw. \u201eSalsa Cubana\u201c auch in M\u00fcnchen erleben: Ausdruck purer Lebenslust! Salsa Cubana ist nicht einfach nur ein Musik- oder Tanzstil, es ist eine Lebensphilosophie. Der [&hellip;]","og_url":"https:\/\/santana.palacios.soy\/index.php\/salsa-cubana\/","og_site_name":"Santana Dance","article_modified_time":"2025-07-20T21:45:12+00:00","twitter_card":"summary_large_image","schema":{"@context":"https:\/\/schema.org","@graph":[{"@type":"WebPage","@id":"https:\/\/santana.palacios.soy\/index.php\/salsa-cubana\/","url":"https:\/\/santana.palacios.soy\/index.php\/salsa-cubana\/","name":"Salsa Cubana - Santana Dance","isPartOf":{"@id":"https:\/\/santana.palacios.soy\/#website"},"datePublished":"2025-07-20T21:41:42+00:00","dateModified":"2025-07-20T21:45:12+00:00","breadcrumb":{"@id":"https:\/\/santana.palacios.soy\/index.php\/salsa-cubana\/#breadcrumb"},"inLanguage":"de","potentialAction":[{"@type":"ReadAction","target":["https:\/\/santana.palacios.soy\/index.php\/salsa-cubana\/"]}]},{"@type":"BreadcrumbList","@id":"https:\/\/santana.palacios.soy\/index.php\/salsa-cubana\/#breadcrumb","itemListElement":[{"@type":"ListItem","position":1,"name":"Startseite","item":"https:\/\/santana.palacios.soy\/"},{"@type":"ListItem","position":2,"name":"Salsa Cubana"}]},{"@type":"WebSite","@id":"https:\/\/santana.palacios.soy\/#website","url":"https:\/\/santana.palacios.soy\/","name":"Santana Dance","description":"Salsa Tanzschule M\u00fcnchen","potentialAction":[{"@type":"SearchAction","target":{"@type":"EntryPoint","urlTemplate":"https:\/\/santana.palacios.soy\/?s={search_term_string}"},"query-input":{"@type":"PropertyValueSpecification","valueRequired":true,"valueName":"search_term_string"}}],"inLanguage":"de"}]}},"_links":{"self":[{"href":"https:\/\/santana.palacios.soy\/index.php\/wp-json\/wp\/v2\/pages\/88","targetHints":{"allow":["GET"]}}],"collection":[{"href":"https:\/\/santana.palacios.soy\/index.php\/wp-json\/wp\/v2\/pages"}],"about":[{"href":"https:\/\/santana.palacios.soy\/index.php\/wp-json\/wp\/v2\/types\/page"}],"author":[{"embeddable":true,"href":"https:\/\/santana.palacios.soy\/index.php\/wp-json\/wp\/v2\/users\/1"}],"replies":[{"embeddable":true,"href":"https:\/\/santana.palacios.soy\/index.php\/wp-json\/wp\/v2\/comments?post=88"}],"version-history":[{"count":3,"href":"https:\/\/santana.palacios.soy\/index.php\/wp-json\/wp\/v2\/pages\/88\/revisions"}],"predecessor-version":[{"id":94,"href":"https:\/\/santana.palacios.soy\/index.php\/wp-json\/wp\/v2\/pages\/88\/revisions\/94"}],"wp:attachment":[{"href":"https:\/\/santana.palacios.soy\/index.php\/wp-json\/wp\/v2\/media?parent=88"}],"curies":[{"name":"wp","href":"https:\/\/api.w.org\/{rel}","templated":true}]}}